{"id":942,"date":"2017-11-21T19:47:42","date_gmt":"2017-11-21T17:47:42","guid":{"rendered":"https:\/\/www.kai-rostasy.com\/shows\/?page_id=942"},"modified":"2021-02-17T16:45:17","modified_gmt":"2021-02-17T14:45:17","slug":"datenschutzerklaerung","status":"publish","type":"page","link":"https:\/\/www.kai-rostasy.com\/shows\/datenschutzerklaerung\/","title":{"rendered":"DATENSCHUTZERKL\u00c4RUNG"},"content":{"rendered":"<div id=\"main\" class=\"wrapper\">\n<div class=\"site-content\">\n<div id=\"content\" role=\"main\">\n<article id=\"post-1486\" class=\"post-1486 page type-page status-publish hentry\">\n<div class=\"box fade-in one\">\n<div class=\"entry-contents\">\n<p><strong>Datenschutzerkl\u00e4rung<\/strong><\/p>\n<p>Ein wichtiges Anliegen von Kai Rost\u00e1sy ist der Schutz der pers\u00f6nlichen Kundendaten.<br \/>\nDeshalb beachtet Kai Rost\u00e1sy die Vorschriften des Bundesdatenschutzgesetzes und des Telemediengesetzes.<\/p>\n<p>Dementsprechend speichert Kai Rost\u00e1sy nur die zum Zwecke der Auftragsabwicklung notwendigen mitgeteilten personenbezogenen Daten. Dabei werden alle Kundendaten unter Beachtung der einschl\u00e4gigen Vorschriften des Bundesdatenschutzgesetzes (BDSG) und des Telemediengesetzes (TMG) von Kai Rost\u00e1sy gespeichert und verarbeitet.<br \/>\nDeine personenbezogenen Daten einschlie\u00dflich deiner Haus und Email-Adresse werden von uns nicht ohne deine ausdr\u00fcckliche und jederzeit widerrufliche Einwilligung an Dritte weitergeleitet. Ausgenommen hiervon sind unsere Dienstleistungspartner, die zur Bestellabwicklung die \u00dcbermittlung von Daten ben\u00f6tigen (z.B. das beauftragte Versandunternehmen mit der Lieferung und das mit der Zahlungsabwicklung beauftragte Kreditinstitut). In diesen F\u00e4llen beschr\u00e4nkt sich der Umfang der \u00fcbermittelten Daten jedoch nur auf das erforderliche Minimum.<\/p>\n<p>Die Nutzung oder \u00dcbermittlung von Daten f\u00fcr Zwecke der Werbung oder der Markt- und Meinungsforderung kann der Kunde jederzeit widersprechen. Den Widerspruch kann \u00a0bitte gesendet werden an:<\/p>\n<p><em>Kai Rost\u00e1sy<br \/>\nFriedelstr.30<br \/>\nBerlin 12047<\/em><\/p>\n<p>Per E-mail<br \/>\ninfo[at]kai-rostasy.com<\/p>\n<p>Nach Erhalt des Widerspruchs stellt Kai Rost\u00e1sy die Zusendung von Werbemitteln und die Weitergabe f\u00fcr Werbezwecke unverz\u00fcglich ein.<\/p>\n<p>\u00dcber den Server Log Files des Kunden erheben und speichern wir automatisch Informationen, welche \u00fcber den Browser des Kunden \u00fcbermittelt wird. Diese Informationen sind z.B.: Browser, Betriebssystem, URL der letzten besuchten Seite, IP-Adresse und Uhrzeit. Diese Daten sind f\u00fcr uns nicht bestimmten Personen zuzuordnen. Eine Zusammenf\u00fchrung dieser Daten mit anderen Datenquellen wird nicht vorgenommen.<\/p>\n<p>Dieses Angebot nutzt zudem Google Analytics. Dabei handelt es sich um einen Dienst, der die Analyse von Webseiten zu statistischen Zwecken erm\u00f6glicht. Dabei werden sog. \u201cCookies\u201d \u2013 kleine Textdateien auf deinem Computer gespeichert. Erfasst werden z.B. Informationen zu Betriebssystem, Browser, IP-Adresse, die zuvor aufgerufene Webadresse (Referrer-URL) und die Uhrzeit. Die Daten werden an einen Server von Google \u00fcbertragen und dort gespeichert. Google wird diese Informationen benutzen, um Reports \u00fcber die Webseitenaktivit\u00e4ten f\u00fcr den Anbieter zusammenzustellen. Der Kunde hat die M\u00f6glichkeit \u00fcber seinen Internetbrowser die Speicherung von \u201cCookies\u201d auszuschalten. Ein wichtiges Anliegen von Kai Rost\u00e1sy ist der Schutz der pers\u00f6nlichen Kundendaten. Deshalb beachtet Kai Rost\u00e1sy die Vorschriften des Bundesdatenschutzgesetzes und des Telemediengesetzes.<br \/>\nDementsprechend speichert Kai Rost\u00e1sy nur die zum Zwecke der Auftragsabwicklung notwendigen mitgeteilten personenbezogenen Daten. Dabei werden alle Kundendaten unter Beachtung der einschl\u00e4gigen Vorschriften des Bundesdatenschutzgesetzes (BDSG) und des Telemediengesetzes (TMG) von Kai Rost\u00e1sy gespeichert und verarbeitet. Deine personenbezogenen Daten einschlie\u00dflich deiner Haus und Email-Adresse werden von uns nicht ohne deine ausdr\u00fcckliche und jederzeit widerrufliche Einwilligung an Dritte weitergeleitet. Ausgenommen hiervon sind unsere Dienstleistungspartner, die zur Bestellabwicklung die \u00dcbermittlung von Daten ben\u00f6tigen (z.B. das beauftragte Versandunternehmen mit der Lieferung und das mit der Zahlungsabwicklung beauftragte Kreditinstitut). In diesen F\u00e4llen beschr\u00e4nkt sich der Umfang der \u00fcbermittelten Daten jedoch nur auf das erforderliche Minimum.<\/p>\n<p>Die Nutzung oder \u00dcbermittlung von Daten f\u00fcr Zwecke der Werbung oder der Markt- und Meinungsforderung kann der Kunde jederzeit widersprechen. Den Widerspruch kann bitte gesendet werden an:<\/p>\n<p><em>Kai Rost\u00e1sy<br \/>\n<\/em><em>Friedelstr.30<br \/>\nBerlin 12047<\/em><\/p>\n<p>Per E-mail<br \/>\ninfo[at]kai-rostasy.com<\/p>\n<p>Nach Erhalt des Widerspruchs stellt Kai Rost\u00e1sy die Zusendung von Werbemitteln und die Weitergabe f\u00fcr Werbezwecke unverz\u00fcglich ein.<\/p>\n<p>\u00dcber den Server Log Files des Kunden erheben und speichern wir automatisch Informationen, welche \u00fcber den Browser des Kunden \u00fcbermittelt wird. Diese Informationen sind z.B.: Browser, Betriebssystem, URL der letzten besuchten Seite, IP-Adresse und Uhrzeit. Diese Daten sind f\u00fcr uns nicht bestimmten Personen zuzuordnen. Eine Zusammenf\u00fchrung dieser Daten mit anderen Datenquellen wird nicht vorgenommen.<\/p>\n<p>Dieses Angebot nutzt zudem Google Analytics. Dabei handelt es sich um einen Dienst, der die Analyse von Webseiten zu statistischen Zwecken erm\u00f6glicht. Dabei werden sog. \u201cCookies\u201d \u2013 kleine Textdateien auf deinem Computer gespeichert. Erfasst werden z.B. Informationen zu Betriebssystem, Browser, IP-Adresse, die zuvor aufgerufene Webadresse (Referrer-URL) und die Uhrzeit. Die Daten werden an einen Server von Google \u00fcbertragen und dort gespeichert. Google wird diese Informationen benutzen, um Reports \u00fcber die Webseitenaktivit\u00e4ten f\u00fcr den Anbieter zusammenzustellen. Der Kunde hat die M\u00f6glichkeit \u00fcber seinen Internetbrowser die Speicherung von \u201cCookies\u201d auszuschalten.<\/p>\n<\/div>\n<p>Rechtlicher Verantwortlicher f\u00fcr den Datenschutz:<\/p>\n<p><em>Kai Rost\u00e1sy<br \/>\n<\/em><em>Friedelstr.30<br \/>\nBerlin 12047<\/em><\/p>\n<p>Per E-mail<br \/>\ninfo[at]kai-rostasy.com<\/p>\n<\/div>\n<\/article>\n<\/div>\n<\/div>\n<\/div>\n<p>&nbsp;<\/p>\n<p>&nbsp;<\/p>\n<p>&nbsp;<\/p>\n<p>&nbsp;<\/p>\n<p>&nbsp;<\/p>\n<p>&nbsp;<\/p>\n","protected":false},"excerpt":{"rendered":"<p>Datenschutzerkl\u00e4rung Ein wichtiges Anliegen von Kai Rost\u00e1sy ist der Schutz der pers\u00f6nlichen Kundendaten. Deshalb beachtet Kai Rost\u00e1sy die Vorschriften des Bundesdatenschutzgesetzes und des Telemediengesetzes. Dementsprechend speichert Kai Rost\u00e1sy nur die zum Zwecke der Auftragsabwicklung notwendigen mitgeteilten personenbezogenen Daten. Dabei werden alle Kundendaten unter Beachtung der einschl\u00e4gigen Vorschriften des Bundesdatenschutzgesetzes (BDSG) und des Telemediengesetzes (TMG) von [&hellip;]<\/p>\n","protected":false},"author":1,"featured_media":0,"parent":0,"menu_order":0,"comment_status":"closed","ping_status":"closed","template":"","meta":{"footnotes":""},"class_list":["post-942","page","type-page","status-publish","hentry"],"aioseo_notices":[],"_links":{"self":[{"href":"https:\/\/www.kai-rostasy.com\/shows\/wp-json\/wp\/v2\/pages\/942","targetHints":{"allow":["GET"]}}],"collection":[{"href":"https:\/\/www.kai-rostasy.com\/shows\/wp-json\/wp\/v2\/pages"}],"about":[{"href":"https:\/\/www.kai-rostasy.com\/shows\/wp-json\/wp\/v2\/types\/page"}],"author":[{"embeddable":true,"href":"https:\/\/www.kai-rostasy.com\/shows\/wp-json\/wp\/v2\/users\/1"}],"replies":[{"embeddable":true,"href":"https:\/\/www.kai-rostasy.com\/shows\/wp-json\/wp\/v2\/comments?post=942"}],"version-history":[{"count":8,"href":"https:\/\/www.kai-rostasy.com\/shows\/wp-json\/wp\/v2\/pages\/942\/revisions"}],"predecessor-version":[{"id":1114,"href":"https:\/\/www.kai-rostasy.com\/shows\/wp-json\/wp\/v2\/pages\/942\/revisions\/1114"}],"wp:attachment":[{"href":"https:\/\/www.kai-rostasy.com\/shows\/wp-json\/wp\/v2\/media?parent=942"}],"curies":[{"name":"wp","href":"https:\/\/api.w.org\/{rel}","templated":true}]}}